{"id":1154,"date":"2022-03-17T12:04:59","date_gmt":"2022-03-17T08:04:59","guid":{"rendered":"https:\/\/themeim.com\/wp\/sword\/?page_id=1154"},"modified":"2024-01-29T19:36:42","modified_gmt":"2024-01-29T15:36:42","slug":"contact","status":"publish","type":"page","link":"https:\/\/uaemmaf.com\/ar\/contact\/","title":{"rendered":"<p>\u00d8\u00a7\u00d9\u201e\u00d8\u00aa\u00d9\u02c6\u00d8\u00a7\u00d8\u00b5\u00d9\u201e<\/p>"},"content":{"rendered":"<div data-elementor-type=\"wp-page\" data-elementor-id=\"1154\" class=\"elementor elementor-1154\">\n\t\t\t\t\t\t<div class=\"elementor-section elementor-top-section elementor-element elementor-element-d9f8969 elementor-section-stretched elementor-section-boxed elementor-section-height-default elementor-section-height-default\" data-id=\"d9f8969\" data-element_type=\"section\" data-settings='{\"stretch_section\":\"section-stretched\",\"background_background\":\"classic\"}'>\n\t\t\t\t\t\t<div class=\"elementor-container elementor-column-gap-default\">\n\t\t\t\t\t<div class=\"elementor-column elementor-col-100 elementor-top-column elementor-element elementor-element-d4c9d8c\" data-id=\"d4c9d8c\" data-element_type=\"column\">\n\t\t\t<div class=\"elementor-widget-wrap elementor-element-populated\">\n\t\t\t\t\t\t<section class=\"elementor-section elementor-inner-section elementor-element elementor-element-e9f615c elementor-section-boxed elementor-section-height-default elementor-section-height-default\" data-id=\"e9f615c\" data-element_type=\"section\">\n\t\t\t\t\t\t<div class=\"elementor-container elementor-column-gap-default\">\n\t\t\t\t\t<div class=\"elementor-column elementor-col-33 elementor-inner-column elementor-element elementor-element-2da4dc2\" data-id=\"2da4dc2\" data-element_type=\"column\">\n\t\t\t<div class=\"elementor-widget-wrap\">\n\t\t\t\t\t\t\t<\/div>\n\t\t<\/div>\n\t\t\t\t<div class=\"elementor-column elementor-col-33 elementor-inner-column elementor-element elementor-element-eb5b905\" data-id=\"eb5b905\" data-element_type=\"column\">\n\t\t\t<div class=\"elementor-widget-wrap elementor-element-populated\">\n\t\t\t\t\t\t<div class=\"elementor-element elementor-element-1fbbe7b elementor-widget elementor-widget-sword-theme-heading-title-one-widget\" data-id=\"1fbbe7b\" data-element_type=\"widget\" data-widget_type=\"sword-theme-heading-title-one-widget.default\">\n\t\t\t\t<div class=\"elementor-widget-container\">\n\t\t\t        <div class=\"theme-heading-title\" style=\"text-align:center\">\r\n                        <h3 class=\"title translation-block\">\u00d9\u201e\u00d9\u201e\u00d8\u00ad\u00d8\u00b5\u00d9\u02c6\u00d9\u201e \u00d8\u00b9\u00d9\u201e\u00d9\u2030 \u00d9\u2026\u00d8\u00b2\u00d9\u0160\u00d8\u00af \u00d9\u2026\u00d9\u2020 <span>\u00d8\u00a7\u00d9\u201e\u00d9\u2026\u00d8\u00b9\u00d9\u201e\u00d9\u02c6\u00d9\u2026\u00d8\u00a7\u00d8\u00aa<\/span><\/h3>\r\n                    <\/div>\r\n        \t\t<\/div>\n\t\t\t\t<\/div>\n\t\t\t\t\t<\/div>\n\t\t<\/div>\n\t\t\t\t<div class=\"elementor-column elementor-col-33 elementor-inner-column elementor-element elementor-element-a23664a\" data-id=\"a23664a\" data-element_type=\"column\">\n\t\t\t<div class=\"elementor-widget-wrap\">\n\t\t\t\t\t\t\t<\/div>\n\t\t<\/div>\n\t\t\t\t\t<\/div>\n\t\t<\/section>\n\t\t\t\t<section class=\"elementor-section elementor-inner-section elementor-element elementor-element-f8298c8 elementor-section-boxed elementor-section-height-default elementor-section-height-default\" data-id=\"f8298c8\" data-element_type=\"section\">\n\t\t\t\t\t\t<div class=\"elementor-container elementor-column-gap-default\">\n\t\t\t\t\t<div class=\"elementor-column elementor-col-33 elementor-inner-column elementor-element elementor-element-8eb0f0d\" data-id=\"8eb0f0d\" data-element_type=\"column\">\n\t\t\t<div class=\"elementor-widget-wrap elementor-element-populated\">\n\t\t\t\t\t\t<div class=\"elementor-element elementor-element-4366ff7 elementor-widget elementor-widget-sword-contact-Info-List-one-widget\" data-id=\"4366ff7\" data-element_type=\"widget\" data-widget_type=\"sword-contact-Info-List-one-widget.default\">\n\t\t\t\t<div class=\"elementor-widget-container\">\n\t\t\t        <div class=\"contact-item\">\n            <div class=\"contact-icon-area\">\n                <div class=\"contact-icon\">\n                    <i aria-hidden=\"true\" class=\"flaticon flaticon-placeholder\"><\/i>                <\/div>\n            <\/div>\n            <div class=\"contact-content\">\n                <h4 class=\"title\">\u00d8\u00a7\u00d9\u201e\u00d8\u00b9\u00d9\u2020\u00d9\u02c6\u00d8\u00a7\u00d9\u2020<\/h4>\n                <p class=\"details\">\u00d8\u00a8\u00d8\u00b1\u00d8\u00ac \u00d9\u0192\u00d8\u00a7\u00d8\u00a8\u00d9\u0160\u00d8\u00aa\u00d8\u00a7\u00d9\u201e\u00d8\u0152 \u00d8\u00b5.\u00d8\u00a8. 110007\u00d8\u0152 \u00d8\u00a3\u00d8\u00a8\u00d9\u02c6\u00d8\u00b8\u00d8\u00a8\u00d9\u0160<\/p>            <\/div>\n        <\/div>\n\n        \t\t<\/div>\n\t\t\t\t<\/div>\n\t\t\t\t\t<\/div>\n\t\t<\/div>\n\t\t\t\t<div class=\"elementor-column elementor-col-33 elementor-inner-column elementor-element elementor-element-1f248c3\" data-id=\"1f248c3\" data-element_type=\"column\">\n\t\t\t<div class=\"elementor-widget-wrap elementor-element-populated\">\n\t\t\t\t\t\t<div class=\"elementor-element elementor-element-0b102d1 elementor-widget elementor-widget-sword-contact-Info-List-one-widget\" data-id=\"0b102d1\" data-element_type=\"widget\" data-widget_type=\"sword-contact-Info-List-one-widget.default\">\n\t\t\t\t<div class=\"elementor-widget-container\">\n\t\t\t        <div class=\"contact-item\">\n            <div class=\"contact-icon-area\">\n                <div class=\"contact-icon\">\n                    <i aria-hidden=\"true\" class=\"flaticon flaticon-phone-call\"><\/i>                <\/div>\n            <\/div>\n            <div class=\"contact-content\">\n                <h4 class=\"title\">\u00d8\u00a7\u00d9\u201e\u00d9\u2021\u00d8\u00a7\u00d8\u00aa\u00d9\u0081<\/h4>\n                <p class=\"details\">97123336111<\/p>            <\/div>\n        <\/div>\n\n        \t\t<\/div>\n\t\t\t\t<\/div>\n\t\t\t\t\t<\/div>\n\t\t<\/div>\n\t\t\t\t<div class=\"elementor-column elementor-col-33 elementor-inner-column elementor-element elementor-element-0fdbaa1\" data-id=\"0fdbaa1\" data-element_type=\"column\">\n\t\t\t<div class=\"elementor-widget-wrap elementor-element-populated\">\n\t\t\t\t\t\t<div class=\"elementor-element elementor-element-fe174b3 elementor-widget elementor-widget-sword-contact-Info-List-one-widget\" data-id=\"fe174b3\" data-element_type=\"widget\" data-widget_type=\"sword-contact-Info-List-one-widget.default\">\n\t\t\t\t<div class=\"elementor-widget-container\">\n\t\t\t        <div class=\"contact-item\">\n            <div class=\"contact-icon-area\">\n                <div class=\"contact-icon\">\n                    <i aria-hidden=\"true\" class=\"flaticon flaticon-email\"><\/i>                <\/div>\n            <\/div>\n            <div class=\"contact-content\">\n                <h4 class=\"title\">\u00d8\u00a7\u00d9\u201e\u00d8\u00a8\u00d8\u00b1\u00d9\u0160\u00d8\u00af \u00d8\u00a7\u00d9\u201e\u00d8\u00a7\u00d9\u201e\u00d9\u0192\u00d8\u00aa\u00d8\u00b1\u00d9\u02c6\u00d9\u2020\u00d9\u0160<\/h4>\n                <p class=\"details\">info@uaemmaf.com<\/p>            <\/div>\n        <\/div>\n\n        \t\t<\/div>\n\t\t\t\t<\/div>\n\t\t\t\t\t<\/div>\n\t\t<\/div>\n\t\t\t\t\t<\/div>\n\t\t<\/section>\n\t\t\t\t\t<\/div>\n\t\t<\/div>\n\t\t\t\t\t<\/div>\n\t\t<\/div>\n\t\t\t\t<div class=\"elementor-section elementor-top-section elementor-element elementor-element-6d80b5c elementor-section-stretched elementor-section-boxed elementor-section-height-default elementor-section-height-default\" data-id=\"6d80b5c\" data-element_type=\"section\" data-settings='{\"stretch_section\":\"section-stretched\",\"background_background\":\"classic\"}'>\n\t\t\t\t\t\t<div class=\"elementor-container elementor-column-gap-default\">\n\t\t\t\t\t<div class=\"elementor-column elementor-col-100 elementor-top-column elementor-element elementor-element-d0cd2d1\" data-id=\"d0cd2d1\" data-element_type=\"column\">\n\t\t\t<div class=\"elementor-widget-wrap elementor-element-populated\">\n\t\t\t\t\t\t<section class=\"elementor-section elementor-inner-section elementor-element elementor-element-a6a6263 elementor-section-boxed elementor-section-height-default elementor-section-height-default\" data-id=\"a6a6263\" data-element_type=\"section\">\n\t\t\t\t\t\t<div class=\"elementor-container elementor-column-gap-default\">\n\t\t\t\t\t<div class=\"elementor-column elementor-col-50 elementor-inner-column elementor-element elementor-element-2c12aeb\" data-id=\"2c12aeb\" data-element_type=\"column\">\n\t\t\t<div class=\"elementor-widget-wrap elementor-element-populated\">\n\t\t\t\t\t\t<div class=\"elementor-element elementor-element-ba5d126 elementor-widget elementor-widget-sword-theme-heading-title-one-widget\" data-id=\"ba5d126\" data-element_type=\"widget\" data-widget_type=\"sword-theme-heading-title-one-widget.default\">\n\t\t\t\t<div class=\"elementor-widget-container\">\n\t\t\t        <div class=\"theme-heading-title\" style=\"text-align:\">\r\n                        <h3 class=\"title translation-block\"><div class=\"text-right\"> \u00d8\u00a3\u00d9\u0160 \u00d8\u00b3\u00d8\u00a4\u00d8\u00a7\u00d9\u201e\u00d8\u0178 \u00d9\u201e\u00d8\u00a7 \u00d8\u00aa\u00d8\u00aa\u00d8\u00b1\u00d8\u00af\u00d8\u00af \u00d8\u00a8\u00d8\u00a7\u00d9\u201e\u00d8\u00aa\u00d9\u02c6\u00d8\u00a7\u00d8\u00b5\u00d9\u201e \u00d9\u2026\u00d8\u00b9\u00d9\u2020\u00d8\u00a7! <\/div><\/h3>\r\n            <p><\/p>        <\/div>\r\n        \t\t<\/div>\n\t\t\t\t<\/div>\n\t\t\t\t<div class=\"elementor-element elementor-element-9446596 elementor-widget elementor-widget-heading\" data-id=\"9446596\" data-element_type=\"widget\" data-widget_type=\"heading.default\">\n\t\t\t\t<div class=\"elementor-widget-container\">\n\t\t\t<style>\/*! elementor - v3.22.0 - 26-06-2024 *\/\n.elementor-heading-title{padding:0;margin:0;line-height:1}.elementor-widget-heading .elementor-heading-title[class*=elementor-size-]>a{color:inherit;font-size:inherit;line-height:inherit}.elementor-widget-heading .elementor-heading-title.elementor-size-small{font-size:15px}.elementor-widget-heading .elementor-heading-title.elementor-size-medium{font-size:19px}.elementor-widget-heading .elementor-heading-title.elementor-size-large{font-size:29px}.elementor-widget-heading .elementor-heading-title.elementor-size-xl{font-size:39px}.elementor-widget-heading .elementor-heading-title.elementor-size-xxl{font-size:59px}<\/style><h2 class=\"elementor-heading-title elementor-size-default\">\u00d8\u00aa\u00d8\u00a7\u00d8\u00a8\u00d8\u00b9\u00d9\u2020\u00d8\u00a7<\/h2>\t\t<\/div>\n\t\t\t\t<\/div>\n\t\t\t\t<div class=\"elementor-element elementor-element-c67ea21 elementor-shape-circle elementor-grid-0 elementor-widget elementor-widget-social-icons\" data-id=\"c67ea21\" data-element_type=\"widget\" data-widget_type=\"social-icons.default\">\n\t\t\t\t<div class=\"elementor-widget-container\">\n\t\t\t<style>\/*! elementor - v3.22.0 - 26-06-2024 *\/\n.elementor-widget-social-icons.elementor-grid-0 .elementor-widget-container,.elementor-widget-social-icons.elementor-grid-mobile-0 .elementor-widget-container,.elementor-widget-social-icons.elementor-grid-tablet-0 .elementor-widget-container{line-height:1;font-size:0}.elementor-widget-social-icons:not(.elementor-grid-0):not(.elementor-grid-tablet-0):not(.elementor-grid-mobile-0) .elementor-grid{display:inline-grid}.elementor-widget-social-icons .elementor-grid{grid-column-gap:var(--grid-column-gap,5px);grid-row-gap:var(--grid-row-gap,5px);grid-template-columns:var(--grid-template-columns);justify-content:var(--justify-content,center);justify-items:var(--justify-content,center)}.elementor-icon.elementor-social-icon{font-size:var(--icon-size,25px);line-height:var(--icon-size,25px);width:calc(var(--icon-size, 25px) + 2 * var(--icon-padding, .5em));height:calc(var(--icon-size, 25px) + 2 * var(--icon-padding, .5em))}.elementor-social-icon{--e-social-icon-icon-color:#fff;display:inline-flex;background-color:#69727d;align-items:center;justify-content:center;text-align:center;cursor:pointer}.elementor-social-icon i{color:var(--e-social-icon-icon-color)}.elementor-social-icon svg{fill:var(--e-social-icon-icon-color)}.elementor-social-icon:last-child{margin:0}.elementor-social-icon:hover{opacity:.9;color:#fff}.elementor-social-icon-android{background-color:#a4c639}.elementor-social-icon-apple{background-color:#999}.elementor-social-icon-behance{background-color:#1769ff}.elementor-social-icon-bitbucket{background-color:#205081}.elementor-social-icon-codepen{background-color:#000}.elementor-social-icon-delicious{background-color:#39f}.elementor-social-icon-deviantart{background-color:#05cc47}.elementor-social-icon-digg{background-color:#005be2}.elementor-social-icon-dribbble{background-color:#ea4c89}.elementor-social-icon-elementor{background-color:#d30c5c}.elementor-social-icon-envelope{background-color:#ea4335}.elementor-social-icon-facebook,.elementor-social-icon-facebook-f{background-color:#3b5998}.elementor-social-icon-flickr{background-color:#0063dc}.elementor-social-icon-foursquare{background-color:#2d5be3}.elementor-social-icon-free-code-camp,.elementor-social-icon-freecodecamp{background-color:#006400}.elementor-social-icon-github{background-color:#333}.elementor-social-icon-gitlab{background-color:#e24329}.elementor-social-icon-globe{background-color:#69727d}.elementor-social-icon-google-plus,.elementor-social-icon-google-plus-g{background-color:#dd4b39}.elementor-social-icon-houzz{background-color:#7ac142}.elementor-social-icon-instagram{background-color:#262626}.elementor-social-icon-jsfiddle{background-color:#487aa2}.elementor-social-icon-link{background-color:#818a91}.elementor-social-icon-linkedin,.elementor-social-icon-linkedin-in{background-color:#0077b5}.elementor-social-icon-medium{background-color:#00ab6b}.elementor-social-icon-meetup{background-color:#ec1c40}.elementor-social-icon-mixcloud{background-color:#273a4b}.elementor-social-icon-odnoklassniki{background-color:#f4731c}.elementor-social-icon-pinterest{background-color:#bd081c}.elementor-social-icon-product-hunt{background-color:#da552f}.elementor-social-icon-reddit{background-color:#ff4500}.elementor-social-icon-rss{background-color:#f26522}.elementor-social-icon-shopping-cart{background-color:#4caf50}.elementor-social-icon-skype{background-color:#00aff0}.elementor-social-icon-slideshare{background-color:#0077b5}.elementor-social-icon-snapchat{background-color:#fffc00}.elementor-social-icon-soundcloud{background-color:#f80}.elementor-social-icon-spotify{background-color:#2ebd59}.elementor-social-icon-stack-overflow{background-color:#fe7a15}.elementor-social-icon-steam{background-color:#00adee}.elementor-social-icon-stumbleupon{background-color:#eb4924}.elementor-social-icon-telegram{background-color:#2ca5e0}.elementor-social-icon-threads{background-color:#000}.elementor-social-icon-thumb-tack{background-color:#1aa1d8}.elementor-social-icon-tripadvisor{background-color:#589442}.elementor-social-icon-tumblr{background-color:#35465c}.elementor-social-icon-twitch{background-color:#6441a5}.elementor-social-icon-twitter{background-color:#1da1f2}.elementor-social-icon-viber{background-color:#665cac}.elementor-social-icon-vimeo{background-color:#1ab7ea}.elementor-social-icon-vk{background-color:#45668e}.elementor-social-icon-weibo{background-color:#dd2430}.elementor-social-icon-weixin{background-color:#31a918}.elementor-social-icon-whatsapp{background-color:#25d366}.elementor-social-icon-wordpress{background-color:#21759b}.elementor-social-icon-x-twitter{background-color:#000}.elementor-social-icon-xing{background-color:#026466}.elementor-social-icon-yelp{background-color:#af0606}.elementor-social-icon-youtube{background-color:#cd201f}.elementor-social-icon-500px{background-color:#0099e5}.elementor-shape-rounded .elementor-icon.elementor-social-icon{border-radius:10%}.elementor-shape-circle .elementor-icon.elementor-social-icon{border-radius:50%}<\/style>\t\t<div class=\"elementor-social-icons-wrapper elementor-grid\">\n\t\t\t\t\t\t\t<span class=\"elementor-grid-item\">\n\t\t\t\t\t<a class=\"elementor-icon elementor-social-icon elementor-social-icon-facebook-f elementor-repeater-item-8fc2a76\" href=\"https:\/\/www.facebook.com\/profile.php?id=100069006711757\" target=\"_blank\">\n\t\t\t\t\t\t<span class=\"elementor-screen-only\">Facebook-f<\/span>\n\t\t\t\t\t\t<i class=\"fab fa-facebook-f\"><\/i>\t\t\t\t\t<\/a>\n\t\t\t\t<\/span>\n\t\t\t\t\t\t\t<span class=\"elementor-grid-item\">\n\t\t\t\t\t<a class=\"elementor-icon elementor-social-icon elementor-social-icon-instagram elementor-repeater-item-2eec111\" href=\"https:\/\/www.instagram.com\/uaemmaf\/\" target=\"_blank\">\n\t\t\t\t\t\t<span class=\"elementor-screen-only\">Instagram<\/span>\n\t\t\t\t\t\t<i class=\"fab fa-instagram\"><\/i>\t\t\t\t\t<\/a>\n\t\t\t\t<\/span>\n\t\t\t\t\t\t\t<span class=\"elementor-grid-item\">\n\t\t\t\t\t<a class=\"elementor-icon elementor-social-icon elementor-social-icon-youtube elementor-repeater-item-efd8ddc\" href=\"https:\/\/youtube.com\/@UAEMMAF\" target=\"_blank\">\n\t\t\t\t\t\t<span class=\"elementor-screen-only\">Youtube<\/span>\n\t\t\t\t\t\t<i class=\"fab fa-youtube\"><\/i>\t\t\t\t\t<\/a>\n\t\t\t\t<\/span>\n\t\t\t\t\t\t\t<span class=\"elementor-grid-item\">\n\t\t\t\t\t<a class=\"elementor-icon elementor-social-icon elementor-social-icon-twitter elementor-repeater-item-09bfe53\" href=\"https:\/\/twitter.com\/uaemmaf\" target=\"_blank\">\n\t\t\t\t\t\t<span class=\"elementor-screen-only\">Twitter<\/span>\n\t\t\t\t\t\t<i class=\"fab fa-twitter\"><\/i>\t\t\t\t\t<\/a>\n\t\t\t\t<\/span>\n\t\t\t\t\t\t\t<span class=\"elementor-grid-item\">\n\t\t\t\t\t<a class=\"elementor-icon elementor-social-icon elementor-social-icon-tiktok elementor-repeater-item-083a12a\" href=\"https:\/\/www.tiktok.com\/@uaemmaf\" target=\"_blank\">\n\t\t\t\t\t\t<span class=\"elementor-screen-only\">Tiktok<\/span>\n\t\t\t\t\t\t<i class=\"fab fa-tiktok\"><\/i>\t\t\t\t\t<\/a>\n\t\t\t\t<\/span>\n\t\t\t\t\t<\/div>\n\t\t\t\t<\/div>\n\t\t\t\t<\/div>\n\t\t\t\t\t<\/div>\n\t\t<\/div>\n\t\t\t\t<div class=\"elementor-column elementor-col-50 elementor-inner-column elementor-element elementor-element-4cea23b\" data-id=\"4cea23b\" data-element_type=\"column\">\n\t\t\t<div class=\"elementor-widget-wrap elementor-element-populated\">\n\t\t\t\t\t\t<div class=\"elementor-element elementor-element-bf58600 elementor-widget elementor-widget-shortcode\" data-id=\"bf58600\" data-element_type=\"widget\" data-widget_type=\"shortcode.default\">\n\t\t\t\t<div class=\"elementor-widget-container\">\n\t\t\t\t\t<div class=\"elementor-shortcode\">\n<div class=\"wpcf7 no-js\" id=\"wpcf7-f1973-o1\" lang=\"en-US\" dir=\"ltr\">\n<div class=\"screen-reader-response\"><p role=\"status\" aria-live=\"polite\" aria-atomic=\"true\"><\/p> <ul><\/ul><\/div>\n<form action=\"\/ar\/wp-json\/wp\/v2\/pages\/1154#wpcf7-f1973-o1\" method=\"post\" class=\"wpcf7-form init\" aria-label=\"Contact form\" novalidate=\"novalidate\" data-status=\"init\" data-trp-original-action=\"\/ar\/wp-json\/wp\/v2\/pages\/1154#wpcf7-f1973-o1\">\n<div style=\"display: none;\">\n<input type=\"hidden\" name=\"_wpcf7\" value=\"1973\">\n<input type=\"hidden\" name=\"_wpcf7_version\" value=\"5.9.7\">\n<input type=\"hidden\" name=\"_wpcf7_locale\" value=\"en_US\">\n<input type=\"hidden\" name=\"_wpcf7_unit_tag\" value=\"wpcf7-f1973-o1\">\n<input type=\"hidden\" name=\"_wpcf7_container_post\" value=\"0\">\n<input type=\"hidden\" name=\"_wpcf7_posted_data_hash\" value=\"\">\n<\/div>\n<div class=\"account-widget-form\">\n                        <div class=\"row justify-content-center mb-25-none\">\n                            <div class=\"col-xl-12 form-group\">\n                        <span class=\"wpcf7-form-control-wrap\" data-name=\"text-452\"><input size=\"40\" maxlength=\"400\" class=\"wpcf7-form-control wpcf7-text wpcf7-validates-as-required form--control\" aria-required=\"true\" aria-invalid=\"false\" placeholder=\"\u00d8\u00a7\u00d8\u00b3\u00d9\u2026\u00d9\u0192\" value=\"\" type=\"text\" name=\"text-452\"><\/span>\n                            <\/div>\n                            <div class=\"col-xl-12 form-group\">\n                          <span class=\"wpcf7-form-control-wrap\" data-name=\"email-709\"><input size=\"40\" maxlength=\"400\" class=\"wpcf7-form-control wpcf7-email wpcf7-validates-as-required wpcf7-text wpcf7-validates-as-email form--control\" aria-required=\"true\" aria-invalid=\"false\" placeholder=\"\u00d8\u00a7\u00d9\u201e\u00d8\u00a8\u00d8\u00b1\u00d9\u0160\u00d8\u00af \u00d8\u00a7\u00d9\u201e\u00d8\u00a5\u00d9\u201e\u00d9\u0192\u00d8\u00aa\u00d8\u00b1\u00d9\u02c6\u00d9\u2020\u00d9\u0160\" value=\"\" type=\"email\" name=\"email-709\"><\/span>\n                            <\/div>\n                            <div class=\"col-xl-12 form-group\">\n                                   <span class=\"wpcf7-form-control-wrap\" data-name=\"tel-680\"><input size=\"40\" maxlength=\"400\" class=\"wpcf7-form-control wpcf7-tel wpcf7-validates-as-required wpcf7-text wpcf7-validates-as-tel form--control\" aria-required=\"true\" aria-invalid=\"false\" placeholder=\"\u00d8\u00a7\u00d9\u201e\u00d9\u2021\u00d8\u00a7\u00d8\u00aa\u00d9\u0081\" value=\"\" type=\"tel\" name=\"tel-680\"><\/span>\n                            <\/div>\n                            <div class=\"col-xl-12 form-group\">\n       <span class=\"wpcf7-form-control-wrap\" data-name=\"textarea-959\"><textarea cols=\"40\" rows=\"10\" maxlength=\"2000\" class=\"wpcf7-form-control wpcf7-textarea wpcf7-validates-as-required form--control\" aria-required=\"true\" aria-invalid=\"false\" placeholder=\"\u00d8\u00b1\u00d8\u00b3\u00d8\u00a7\u00d9\u201e\u00d8\u00aa\u00d9\u0192\" name=\"textarea-959\"><\/textarea><\/span>\n                            <\/div>\n                            <div class=\"col-xl-12 form-group\">\n    <button type=\"submit\" class=\"wpcf7-submit btn--base\">\u00d8\u00a3\u00d8\u00b1\u00d8\u00b3\u00d9\u201e \u00d8\u00a7\u00d9\u201e\u00d8\u00a2\u00d9\u2020<i class=\"fas fa-arrow-right ml-2\"><\/i><\/button>\n                            <\/div>\n                        <\/div>\n                    <\/div><div class=\"wpcf7-response-output\" aria-hidden=\"true\"><\/div>\n<input type=\"hidden\" name=\"trp-form-language\" value=\"ar\"\/><\/form>\n<\/div>\n<\/div>\n\t\t\t\t<\/div>\n\t\t\t\t<\/div>\n\t\t\t\t\t<\/div>\n\t\t<\/div>\n\t\t\t\t\t<\/div>\n\t\t<\/section>\n\t\t\t\t\t<\/div>\n\t\t<\/div>\n\t\t\t\t\t<\/div>\n\t\t<\/div>\n\t\t\t\t<div class=\"elementor-section elementor-top-section elementor-element elementor-element-6ec5177 elementor-section-stretched elementor-section-boxed elementor-section-height-default elementor-section-height-default\" data-id=\"6ec5177\" data-element_type=\"section\" data-settings='{\"stretch_section\":\"section-stretched\",\"background_background\":\"classic\"}'>\n\t\t\t\t\t\t<div class=\"elementor-container elementor-column-gap-default\">\n\t\t\t\t\t<div class=\"elementor-column elementor-col-100 elementor-top-column elementor-element elementor-element-88d1a08\" data-id=\"88d1a08\" data-element_type=\"column\">\n\t\t\t<div class=\"elementor-widget-wrap elementor-element-populated\">\n\t\t\t\t\t\t<div class=\"elementor-section elementor-inner-section elementor-element elementor-element-fc0e69b elementor-section-boxed elementor-section-height-default elementor-section-height-default\" data-id=\"fc0e69b\" data-element_type=\"section\">\n\t\t\t\t\t\t<div class=\"elementor-container elementor-column-gap-default\">\n\t\t\t\t\t<div class=\"elementor-column elementor-col-100 elementor-inner-column elementor-element elementor-element-769e795\" data-id=\"769e795\" data-element_type=\"column\">\n\t\t\t<div class=\"elementor-widget-wrap elementor-element-populated\">\n\t\t\t\t\t\t<div class=\"elementor-element elementor-element-be20912 elementor-widget elementor-widget-google_maps\" data-id=\"be20912\" data-element_type=\"widget\" data-widget_type=\"google_maps.default\">\n\t\t\t\t<div class=\"elementor-widget-container\">\n\t\t\t<style>\/*! elementor - v3.22.0 - 26-06-2024 *\/\n.elementor-widget-google_maps .elementor-widget-container{overflow:hidden}.elementor-widget-google_maps .elementor-custom-embed{line-height:0}.elementor-widget-google_maps iframe{height:300px}<\/style>\t\t<div class=\"elementor-custom-embed\">\n\t\t\t<iframe loading=\"lazy\" src=\"https:\/\/maps.google.com\/maps?q=UAEJJF%2C%20Abu%20Dhabi&amp;t=m&amp;z=18&amp;output=embed&amp;iwloc=near\" title=\"UAEJJF, Abu Dhabi\" aria-label=\"UAEJJF, Abu Dhabi\"><\/iframe>\n\t\t<\/div>\n\t\t\t\t<\/div>\n\t\t\t\t<\/div>\n\t\t\t\t\t<\/div>\n\t\t<\/div>\n\t\t\t\t\t<\/div>\n\t\t<\/div>\n\t\t\t\t\t<\/div>\n\t\t<\/div>\n\t\t\t\t\t<\/div>\n\t\t<\/div>\n\t\t\t\t<\/div>","protected":false},"excerpt":{"rendered":"<p>READY TO GET MORE INFORMATION OFFICE ADRESS Capital Tower, PO Box 110007, Abu Dhabi TELEPHONE NUMBER 97123336111 SEND MAIL info@uaemmaf.com ANY QUESTION? FEEL FREE TO CONTACT US! FOLLOW US &ndash; Facebook-f Instagram Youtube Twitter Tiktok<\/p>","protected":false},"author":1,"featured_media":0,"parent":0,"menu_order":3,"comment_status":"closed","ping_status":"closed","template":"elementor_header_footer","meta":{"footnotes":""},"class_list":["post-1154","page","type-page","status-publish","hentry"],"_links":{"self":[{"href":"https:\/\/uaemmaf.com\/ar\/wp-json\/wp\/v2\/pages\/1154","targetHints":{"allow":["GET"]}}],"collection":[{"href":"https:\/\/uaemmaf.com\/ar\/wp-json\/wp\/v2\/pages"}],"about":[{"href":"https:\/\/uaemmaf.com\/ar\/wp-json\/wp\/v2\/types\/page"}],"author":[{"embeddable":true,"href":"https:\/\/uaemmaf.com\/ar\/wp-json\/wp\/v2\/users\/1"}],"replies":[{"embeddable":true,"href":"https:\/\/uaemmaf.com\/ar\/wp-json\/wp\/v2\/comments?post=1154"}],"version-history":[{"count":43,"href":"https:\/\/uaemmaf.com\/ar\/wp-json\/wp\/v2\/pages\/1154\/revisions"}],"predecessor-version":[{"id":4993,"href":"https:\/\/uaemmaf.com\/ar\/wp-json\/wp\/v2\/pages\/1154\/revisions\/4993"}],"wp:attachment":[{"href":"https:\/\/uaemmaf.com\/ar\/wp-json\/wp\/v2\/media?parent=1154"}],"curies":[{"name":"wp","href":"https:\/\/api.w.org\/{rel}","templated":true}]}}